{"id":311,"date":"2021-06-15T18:26:04","date_gmt":"2021-06-15T18:26:04","guid":{"rendered":"http:\/\/www.kutluata.com.tr\/?page_id=311"},"modified":"2021-06-24T11:45:55","modified_gmt":"2021-06-24T11:45:55","slug":"hakkimizda","status":"publish","type":"page","link":"http:\/\/www.kutluata.com.tr\/index.php\/hakkimizda\/","title":{"rendered":"Hakk\u0131m\u0131zda"},"content":{"rendered":"\t\t<div data-elementor-type=\"wp-page\" data-elementor-id=\"311\" class=\"elementor elementor-311\" data-elementor-settings=\"[]\">\n\t\t\t\t\t\t\t<div class=\"elementor-section-wrap\">\n\t\t\t\t\t\t\t<section class=\"elementor-section elementor-top-section elementor-element elementor-element-4cde9e84 elementor-section-boxed elementor-section-height-default elementor-section-height-default\" data-id=\"4cde9e84\" data-element_type=\"section\">\n\t\t\t\t\t\t<div class=\"elementor-container elementor-column-gap-default\">\n\t\t\t\t\t<div class=\"elementor-column elementor-col-100 elementor-top-column elementor-element elementor-element-4f5fe0c4\" data-id=\"4f5fe0c4\" data-element_type=\"column\">\n\t\t\t<div class=\"elementor-widget-wrap elementor-element-populated\">\n\t\t\t\t\t\t\t\t<div class=\"elementor-element elementor-element-18f1ddcc elementor-widget elementor-widget-text-editor\" data-id=\"18f1ddcc\" data-element_type=\"widget\" data-widget_type=\"text-editor.default\">\n\t\t\t\t<div class=\"elementor-widget-container\">\n\t\t\t\t\t<div class=\"elementor-text-editor elementor-clearfix\"><div>&nbsp;<\/div>\n<div>&nbsp;<\/div>\n<div style=\"box-sizing: border-box; margin: 0px; padding: 0px; border: 0px; font-size: 16px; vertical-align: baseline; zoom: 1; flex-wrap: wrap; min-width: 0px; min-height: 1px; justify-content: center; position: relative; display: flex; z-index: auto; color: #000000; font-family: Lato, sans-serif; font-style: normal; font-variant-ligatures: normal; font-variant-caps: normal; font-weight: 400; letter-spacing: normal; orphans: 2; text-align: start; text-indent: 0px; text-transform: none; white-space: normal; widows: 2; word-spacing: 0px; -webkit-text-stroke-width: 0px; text-decoration-thickness: initial; text-decoration-style: initial; text-decoration-color: initial;\"><span style=\"font-family: inherit; font-size: inherit; font-weight: inherit; letter-spacing: inherit; text-decoration-line: initial; text-transform: initial; white-space: pre-wrap; margin: 0px; padding: 0px; border: 0px; vertical-align: baseline; color: #6f6d70; line-height: inherit;\"><span style=\"margin: 0px; padding: 0px; border: 0px; font-size: inherit; vertical-align: baseline; font-family: inherit; text-transform: initial; text-decoration-line: initial; font-weight: inherit; line-height: inherit; letter-spacing: inherit;\">Kutluata, T\u00fcrkiye, \u00d6zbekistan ve T\u00fcrkmenistan yer alan sera ve ekipmanlar\u0131 ithal ve ihra\u00e7 eden ayn\u0131 zamanda anahtar teslim seralar ve projelendirme yapan firmad\u0131r.<\/span><\/span> <span style=\"font-family: inherit; font-size: inherit; font-weight: inherit; letter-spacing: inherit; text-decoration-line: initial; text-transform: initial; white-space: pre-wrap; margin: 0px; padding: 0px; border: 0px; vertical-align: baseline; color: #6f6d70; line-height: inherit; text-shadow: rgba(0, 0, 0, 0.08) 5px 5px 5px;\"><span style=\"margin: 0px; padding: 0px; border: 0px; font-size: inherit; vertical-align: baseline; font-family: inherit; text-transform: initial; text-decoration-line: initial; font-weight: inherit; line-height: inherit; letter-spacing: inherit;\">Avrupa da modern sera sistemleri ve ekipmanlar\u0131 temin etmekle birlikte anahtar teslim sera projelerinde geli\u015fmi\u015f teknoloji a\u011f\u0131yla global d\u00fcnya teknolojilerinin yak\u0131ndan takip edip sera ekipmanlar\u0131m\u0131z\u0131 en g\u00fcncel \u015fekilde yeniliyoruz. Modern Topraks\u0131z Seralar, \u00c7i\u00e7ek, Meyve Seralar\u0131, Sera Ekipmanlar\u0131, Sulama, G\u00fcbreleme, Otomasyon Sistemleri ve Projelendirme gibi ba\u015fl\u0131ca hizmetlerimizdir. D\u00fcnya markas\u0131 olma yolunda yenilenen hedeflere do\u011fru h\u0131zla ilerliyoruz.<\/span><\/span><\/div><\/div>\n\t\t\t\t<\/div>\n\t\t\t\t<\/div>\n\t\t\t\t\t<\/div>\n\t\t<\/div>\n\t\t\t\t\t\t\t<\/div>\n\t\t<\/section>\n\t\t\t\t<section class=\"elementor-section elementor-top-section elementor-element elementor-element-7323c6a elementor-section-boxed elementor-section-height-default elementor-section-height-default\" data-id=\"7323c6a\" data-element_type=\"section\">\n\t\t\t\t\t\t<div class=\"elementor-container elementor-column-gap-default\">\n\t\t\t\t\t<div class=\"elementor-column elementor-col-50 elementor-top-column elementor-element elementor-element-467fc09\" data-id=\"467fc09\" data-element_type=\"column\">\n\t\t\t<div class=\"elementor-widget-wrap elementor-element-populated\">\n\t\t\t\t\t\t\t\t<div class=\"elementor-element elementor-element-5cf7d72 elementor-widget elementor-widget-image\" data-id=\"5cf7d72\" data-element_type=\"widget\" data-widget_type=\"image.default\">\n\t\t\t\t<div class=\"elementor-widget-container\">\n\t\t\t\t\t<div class=\"elementor-image\">\n\t\t\t\t\t\t\t\t\t\t<img width=\"640\" height=\"480\" src=\"http:\/\/www.kutluata.com.tr\/wp-content\/uploads\/2021\/04\/si2.jpg\" class=\"attachment-large size-large\" alt=\"\" loading=\"lazy\" srcset=\"http:\/\/www.kutluata.com.tr\/wp-content\/uploads\/2021\/04\/si2.jpg 800w, http:\/\/www.kutluata.com.tr\/wp-content\/uploads\/2021\/04\/si2-300x225.jpg 300w, http:\/\/www.kutluata.com.tr\/wp-content\/uploads\/2021\/04\/si2-768x576.jpg 768w\" sizes=\"(max-width: 640px) 100vw, 640px\" \/>\t\t\t\t\t\t\t\t\t\t\t<\/div>\n\t\t\t\t<\/div>\n\t\t\t\t<\/div>\n\t\t\t\t\t<\/div>\n\t\t<\/div>\n\t\t\t\t<div class=\"elementor-column elementor-col-50 elementor-top-column elementor-element elementor-element-8aee337\" data-id=\"8aee337\" data-element_type=\"column\">\n\t\t\t<div class=\"elementor-widget-wrap elementor-element-populated\">\n\t\t\t\t\t\t\t\t<div class=\"elementor-element elementor-element-c0128b5 elementor-widget elementor-widget-image\" data-id=\"c0128b5\" data-element_type=\"widget\" data-widget_type=\"image.default\">\n\t\t\t\t<div class=\"elementor-widget-container\">\n\t\t\t\t\t<div class=\"elementor-image\">\n\t\t\t\t\t\t\t\t\t\t<img width=\"1600\" height=\"1200\" src=\"http:\/\/www.kutluata.com.tr\/wp-content\/uploads\/2021\/06\/25.jpg\" class=\"attachment-full size-full\" alt=\"\" loading=\"lazy\" srcset=\"http:\/\/www.kutluata.com.tr\/wp-content\/uploads\/2021\/06\/25.jpg 1600w, http:\/\/www.kutluata.com.tr\/wp-content\/uploads\/2021\/06\/25-300x225.jpg 300w, http:\/\/www.kutluata.com.tr\/wp-content\/uploads\/2021\/06\/25-1024x768.jpg 1024w, http:\/\/www.kutluata.com.tr\/wp-content\/uploads\/2021\/06\/25-768x576.jpg 768w, http:\/\/www.kutluata.com.tr\/wp-content\/uploads\/2021\/06\/25-1536x1152.jpg 1536w\" sizes=\"(max-width: 1600px) 100vw, 1600px\" \/>\t\t\t\t\t\t\t\t\t\t\t<\/div>\n\t\t\t\t<\/div>\n\t\t\t\t<\/div>\n\t\t\t\t\t<\/div>\n\t\t<\/div>\n\t\t\t\t\t\t\t<\/div>\n\t\t<\/section>\n\t\t\t\t<section class=\"elementor-section elementor-top-section elementor-element elementor-element-bfda63b elementor-section-boxed elementor-section-height-default elementor-section-height-default\" data-id=\"bfda63b\" data-element_type=\"section\">\n\t\t\t\t\t\t<div class=\"elementor-container elementor-column-gap-default\">\n\t\t\t\t\t\t\t\t<\/div>\n\t\t<\/section>\n\t\t\t\t<section class=\"elementor-section elementor-top-section elementor-element elementor-element-87e48b2 elementor-section-boxed elementor-section-height-default elementor-section-height-default\" data-id=\"87e48b2\" data-element_type=\"section\">\n\t\t\t\t\t\t<div class=\"elementor-container elementor-column-gap-default\">\n\t\t\t\t\t\t\t\t<\/div>\n\t\t<\/section>\n\t\t\t\t<section class=\"elementor-section elementor-top-section elementor-element elementor-element-048d466 elementor-section-boxed elementor-section-height-default elementor-section-height-default\" data-id=\"048d466\" data-element_type=\"section\">\n\t\t\t\t\t\t<div class=\"elementor-container elementor-column-gap-default\">\n\t\t\t\t\t<div class=\"elementor-column elementor-col-100 elementor-top-column elementor-element elementor-element-4b6d1f8\" data-id=\"4b6d1f8\" data-element_type=\"column\">\n\t\t\t<div class=\"elementor-widget-wrap elementor-element-populated\">\n\t\t\t\t\t\t\t\t<div class=\"elementor-element elementor-element-94adeb4 elementor-widget elementor-widget-eael-adv-tabs\" data-id=\"94adeb4\" data-element_type=\"widget\" data-widget_type=\"eael-adv-tabs.default\">\n\t\t\t\t<div class=\"elementor-widget-container\">\n\t\t\t        <div id=\"eael-advance-tabs-94adeb4\" class=\"eael-advance-tabs eael-tabs-horizontal\" data-tabid=\"94adeb4\">\n            <div class=\"eael-tabs-nav\">\n                <ul class=\"eael-tab-inline-icon\">\n                                            <li class=\"inactive\">\n                                                                <i class=\"fas fa-home\"><\/i>                                                             <span class=\"eael-tab-title\">M\u00fchendislik<\/span>\n                        <\/li>\n                                            <li class=\"inactive\">\n                                                                <i class=\"fas fa-home\"><\/i>                                                             <span class=\"eael-tab-title\">Kurulum<\/span>\n                        <\/li>\n                                            <li class=\"inactive\">\n                                                                <i class=\"fas fa-home\"><\/i>                                                             <span class=\"eael-tab-title\">Dan\u0131\u015fmanl\u0131k<\/span>\n                        <\/li>\n                                    <\/ul>\n            <\/div>\n            <div class=\"eael-tabs-content\">\n                \n                    <div class=\"clearfix inactive\">\n                                                    <p>\u00a0<\/p><p><img loading=\"lazy\" class=\"size-medium wp-image-270 alignleft\" src=\"http:\/\/www.kutluata.com.tr\/wp-content\/uploads\/2021\/06\/muh.-300x94.jpg\" alt=\"\" width=\"300\" height=\"94\" srcset=\"http:\/\/www.kutluata.com.tr\/wp-content\/uploads\/2021\/06\/muh.-300x94.jpg 300w, http:\/\/www.kutluata.com.tr\/wp-content\/uploads\/2021\/06\/muh.-1024x320.jpg 1024w, http:\/\/www.kutluata.com.tr\/wp-content\/uploads\/2021\/06\/muh.-768x240.jpg 768w, http:\/\/www.kutluata.com.tr\/wp-content\/uploads\/2021\/06\/muh.-1536x480.jpg 1536w, http:\/\/www.kutluata.com.tr\/wp-content\/uploads\/2021\/06\/muh..jpg 1920w\" sizes=\"(max-width: 300px) 100vw, 300px\" \/><\/p><p>\u00a0<\/p><p>\u00a0<\/p><p>\u00a0<\/p><p>\u00a0<\/p><p>Kurulumu planlanan seralar\u0131n, projelendirilmesinden ekipman detaylar\u0131na kadar t\u00fcm m\u00fchendislik hizmetlerinin verilmesi<\/p>                                            <\/div>\n                \n                    <div class=\"clearfix inactive\">\n                                                    <p><img loading=\"lazy\" class=\"alignleft size-medium wp-image-230\" src=\"http:\/\/www.kutluata.com.tr\/wp-content\/uploads\/2021\/06\/cati1-300x135.jpg\" alt=\"\" width=\"300\" height=\"135\" srcset=\"http:\/\/www.kutluata.com.tr\/wp-content\/uploads\/2021\/06\/cati1-300x135.jpg 300w, http:\/\/www.kutluata.com.tr\/wp-content\/uploads\/2021\/06\/cati1-768x345.jpg 768w, http:\/\/www.kutluata.com.tr\/wp-content\/uploads\/2021\/06\/cati1.jpg 960w\" sizes=\"(max-width: 300px) 100vw, 300px\" \/><\/p><p>\u00a0<\/p><p>\u00a0<\/p><p>\u00a0<\/p><p>\u00a0<\/p><p>\u00a0<\/p><p>\u00a0<\/p><p>Malzeme tedarik dahil, profosyonel ekiple t\u00fcm ayr\u0131t\u0131lar g\u00f6z \u00f6n\u00fcnde tutularak kurulum yap\u0131lmas\u0131<\/p>                                            <\/div>\n                \n                    <div class=\"clearfix inactive\">\n                                                    <p><img loading=\"lazy\" class=\"alignleft  wp-image-271\" src=\"http:\/\/www.kutluata.com.tr\/wp-content\/uploads\/2021\/06\/adv-300x200.jpg\" alt=\"\" width=\"255\" height=\"170\" srcset=\"http:\/\/www.kutluata.com.tr\/wp-content\/uploads\/2021\/06\/adv-300x200.jpg 300w, http:\/\/www.kutluata.com.tr\/wp-content\/uploads\/2021\/06\/adv-768x513.jpg 768w, http:\/\/www.kutluata.com.tr\/wp-content\/uploads\/2021\/06\/adv-600x400.jpg 600w, http:\/\/www.kutluata.com.tr\/wp-content\/uploads\/2021\/06\/adv.jpg 959w\" sizes=\"(max-width: 255px) 100vw, 255px\" \/><\/p><p>\u00a0<\/p><p>\u00a0<\/p><p>\u00a0<\/p><p>\u00a0<\/p><p>\u00a0<\/p><p>\u00a0<\/p><p>\u00a0<\/p><p>Kurulu olan seralar\u0131n\u0131zda ekimi yap\u0131lacak meyve ve sebzelerin yeti\u015ftirilmesi i\u00e7in gereken t\u00fcm konularda yan\u0131n\u0131zday\u0131z<\/p>                                            <\/div>\n                            <\/div>\n        <\/div>\n\t\t<\/div>\n\t\t\t\t<\/div>\n\t\t\t\t\t<\/div>\n\t\t<\/div>\n\t\t\t\t\t\t\t<\/div>\n\t\t<\/section>\n\t\t\t\t<section class=\"elementor-section elementor-top-section elementor-element elementor-element-cdec1cd elementor-section-boxed elementor-section-height-default elementor-section-height-default\" data-id=\"cdec1cd\" data-element_type=\"section\">\n\t\t\t\t\t\t<div class=\"elementor-container elementor-column-gap-default\">\n\t\t\t\t\t<div class=\"elementor-column elementor-col-50 elementor-top-column elementor-element elementor-element-8c42e6a\" data-id=\"8c42e6a\" data-element_type=\"column\">\n\t\t\t<div class=\"elementor-widget-wrap elementor-element-populated\">\n\t\t\t\t\t\t\t\t<div class=\"elementor-element elementor-element-8f5e93b elementor-widget elementor-widget-image\" data-id=\"8f5e93b\" data-element_type=\"widget\" data-widget_type=\"image.default\">\n\t\t\t\t<div class=\"elementor-widget-container\">\n\t\t\t\t\t<div class=\"elementor-image\">\n\t\t\t\t\t\t\t\t\t\t<img width=\"640\" height=\"480\" src=\"http:\/\/www.kutluata.com.tr\/wp-content\/uploads\/2021\/04\/5-1.jpg\" class=\"attachment-large size-large\" alt=\"\" loading=\"lazy\" srcset=\"http:\/\/www.kutluata.com.tr\/wp-content\/uploads\/2021\/04\/5-1.jpg 1024w, http:\/\/www.kutluata.com.tr\/wp-content\/uploads\/2021\/04\/5-1-300x225.jpg 300w, http:\/\/www.kutluata.com.tr\/wp-content\/uploads\/2021\/04\/5-1-768x576.jpg 768w\" sizes=\"(max-width: 640px) 100vw, 640px\" \/>\t\t\t\t\t\t\t\t\t\t\t<\/div>\n\t\t\t\t<\/div>\n\t\t\t\t<\/div>\n\t\t\t\t\t<\/div>\n\t\t<\/div>\n\t\t\t\t<div class=\"elementor-column elementor-col-50 elementor-top-column elementor-element elementor-element-2f02e8d\" data-id=\"2f02e8d\" data-element_type=\"column\">\n\t\t\t<div class=\"elementor-widget-wrap elementor-element-populated\">\n\t\t\t\t\t\t\t\t<div class=\"elementor-element elementor-element-6335f48 elementor-widget elementor-widget-image\" data-id=\"6335f48\" data-element_type=\"widget\" data-widget_type=\"image.default\">\n\t\t\t\t<div class=\"elementor-widget-container\">\n\t\t\t\t\t<div class=\"elementor-image\">\n\t\t\t\t\t\t\t\t\t\t<img width=\"600\" height=\"450\" src=\"http:\/\/www.kutluata.com.tr\/wp-content\/uploads\/2021\/04\/si3.jpg\" class=\"attachment-large size-large\" alt=\"\" loading=\"lazy\" srcset=\"http:\/\/www.kutluata.com.tr\/wp-content\/uploads\/2021\/04\/si3.jpg 600w, http:\/\/www.kutluata.com.tr\/wp-content\/uploads\/2021\/04\/si3-300x225.jpg 300w\" sizes=\"(max-width: 600px) 100vw, 600px\" \/>\t\t\t\t\t\t\t\t\t\t\t<\/div>\n\t\t\t\t<\/div>\n\t\t\t\t<\/div>\n\t\t\t\t\t<\/div>\n\t\t<\/div>\n\t\t\t\t\t\t\t<\/div>\n\t\t<\/section>\n\t\t\t\t<section class=\"elementor-section elementor-top-section elementor-element elementor-element-fe158c2 elementor-section-boxed elementor-section-height-default elementor-section-height-default\" data-id=\"fe158c2\" data-element_type=\"section\">\n\t\t\t\t\t\t<div class=\"elementor-container elementor-column-gap-default\">\n\t\t\t\t\t<div class=\"elementor-column elementor-col-100 elementor-top-column elementor-element elementor-element-251a751\" data-id=\"251a751\" data-element_type=\"column\">\n\t\t\t<div class=\"elementor-widget-wrap elementor-element-populated\">\n\t\t\t\t\t\t\t\t<div class=\"elementor-element elementor-element-5b6cab0 elementor-widget elementor-widget-image\" data-id=\"5b6cab0\" data-element_type=\"widget\" data-widget_type=\"image.default\">\n\t\t\t\t<div class=\"elementor-widget-container\">\n\t\t\t\t\t<div class=\"elementor-image\">\n\t\t\t\t\t\t\t\t\t\t<img src=\"http:\/\/www.kutluata.com.tr\/wp-content\/uploads\/elementor\/thumbs\/grn-p8kafirnqszwp3lsxw73989eu7q0nd4ngjmgg0ph4u.jpg\" title=\"Greenhouse in the Westland area, part of Netherlands with large concentration of greenhouses, elevated view, Maasdijk, Zuid-Holland, Netherlands\" alt=\"Greenhouse in the Westland area, part of Netherlands with large concentration of greenhouses, elevated view, Maasdijk, Zuid-Holland, Netherlands\" \/>\t\t\t\t\t\t\t\t\t\t\t<\/div>\n\t\t\t\t<\/div>\n\t\t\t\t<\/div>\n\t\t\t\t\t<\/div>\n\t\t<\/div>\n\t\t\t\t\t\t\t<\/div>\n\t\t<\/section>\n\t\t\t\t<section class=\"elementor-section elementor-top-section elementor-element elementor-element-5814551 elementor-section-boxed elementor-section-height-default elementor-section-height-default\" data-id=\"5814551\" data-element_type=\"section\">\n\t\t\t\t\t\t<div class=\"elementor-container elementor-column-gap-default\">\n\t\t\t\t\t<div class=\"elementor-column elementor-col-25 elementor-top-column elementor-element elementor-element-8352217\" data-id=\"8352217\" data-element_type=\"column\">\n\t\t\t<div class=\"elementor-widget-wrap elementor-element-populated\">\n\t\t\t\t\t\t\t\t<div class=\"elementor-element elementor-element-e5401b6 elementor-widget elementor-widget-counter\" data-id=\"e5401b6\" data-element_type=\"widget\" data-widget_type=\"counter.default\">\n\t\t\t\t<div class=\"elementor-widget-container\">\n\t\t\t\t\t<div class=\"elementor-counter\">\n\t\t\t<div class=\"elementor-counter-number-wrapper\">\n\t\t\t\t<span class=\"elementor-counter-number-prefix\"><\/span>\n\t\t\t\t<span class=\"elementor-counter-number\" data-duration=\"2000\" data-to-value=\"582\" data-from-value=\"0\" data-delimiter=\",\">0<\/span>\n\t\t\t\t<span class=\"elementor-counter-number-suffix\"><\/span>\n\t\t\t<\/div>\n\t\t\t\t\t\t\t<div class=\"elementor-counter-title\">\u00c7\u00f6z\u00fcm Orta\u011f\u0131n\u0131z<\/div>\n\t\t\t\t\t<\/div>\n\t\t\t\t<\/div>\n\t\t\t\t<\/div>\n\t\t\t\t\t<\/div>\n\t\t<\/div>\n\t\t\t\t<div class=\"elementor-column elementor-col-25 elementor-top-column elementor-element elementor-element-3ced0bc\" data-id=\"3ced0bc\" data-element_type=\"column\">\n\t\t\t<div class=\"elementor-widget-wrap elementor-element-populated\">\n\t\t\t\t\t\t\t\t<div class=\"elementor-element elementor-element-66be1ec elementor-widget elementor-widget-counter\" data-id=\"66be1ec\" data-element_type=\"widget\" data-widget_type=\"counter.default\">\n\t\t\t\t<div class=\"elementor-widget-container\">\n\t\t\t\t\t<div class=\"elementor-counter\">\n\t\t\t<div class=\"elementor-counter-number-wrapper\">\n\t\t\t\t<span class=\"elementor-counter-number-prefix\"><\/span>\n\t\t\t\t<span class=\"elementor-counter-number\" data-duration=\"2000\" data-to-value=\"138\" data-from-value=\"0\" data-delimiter=\",\">0<\/span>\n\t\t\t\t<span class=\"elementor-counter-number-suffix\"><\/span>\n\t\t\t<\/div>\n\t\t\t\t\t\t\t<div class=\"elementor-counter-title\">Proje<\/div>\n\t\t\t\t\t<\/div>\n\t\t\t\t<\/div>\n\t\t\t\t<\/div>\n\t\t\t\t\t<\/div>\n\t\t<\/div>\n\t\t\t\t<div class=\"elementor-column elementor-col-25 elementor-top-column elementor-element elementor-element-b4d96e1\" data-id=\"b4d96e1\" data-element_type=\"column\">\n\t\t\t<div class=\"elementor-widget-wrap elementor-element-populated\">\n\t\t\t\t\t\t\t\t<div class=\"elementor-element elementor-element-0ad3cf1 elementor-widget elementor-widget-counter\" data-id=\"0ad3cf1\" data-element_type=\"widget\" data-widget_type=\"counter.default\">\n\t\t\t\t<div class=\"elementor-widget-container\">\n\t\t\t\t\t<div class=\"elementor-counter\">\n\t\t\t<div class=\"elementor-counter-number-wrapper\">\n\t\t\t\t<span class=\"elementor-counter-number-prefix\"><\/span>\n\t\t\t\t<span class=\"elementor-counter-number\" data-duration=\"2000\" data-to-value=\"76\" data-from-value=\"0\" data-delimiter=\",\">0<\/span>\n\t\t\t\t<span class=\"elementor-counter-number-suffix\"><\/span>\n\t\t\t<\/div>\n\t\t\t\t\t\t\t<div class=\"elementor-counter-title\">M\u00fc\u015fteri<\/div>\n\t\t\t\t\t<\/div>\n\t\t\t\t<\/div>\n\t\t\t\t<\/div>\n\t\t\t\t\t<\/div>\n\t\t<\/div>\n\t\t\t\t<div class=\"elementor-column elementor-col-25 elementor-top-column elementor-element elementor-element-e2767ed\" data-id=\"e2767ed\" data-element_type=\"column\">\n\t\t\t<div class=\"elementor-widget-wrap elementor-element-populated\">\n\t\t\t\t\t\t\t\t<div class=\"elementor-element elementor-element-0f4a54c elementor-widget elementor-widget-counter\" data-id=\"0f4a54c\" data-element_type=\"widget\" data-widget_type=\"counter.default\">\n\t\t\t\t<div class=\"elementor-widget-container\">\n\t\t\t\t\t<div class=\"elementor-counter\">\n\t\t\t<div class=\"elementor-counter-number-wrapper\">\n\t\t\t\t<span class=\"elementor-counter-number-prefix\"><\/span>\n\t\t\t\t<span class=\"elementor-counter-number\" data-duration=\"2000\" data-to-value=\"6\" data-from-value=\"0\" data-delimiter=\",\">0<\/span>\n\t\t\t\t<span class=\"elementor-counter-number-suffix\"><\/span>\n\t\t\t<\/div>\n\t\t\t\t\t\t\t<div class=\"elementor-counter-title\">\u00dclke<\/div>\n\t\t\t\t\t<\/div>\n\t\t\t\t<\/div>\n\t\t\t\t<\/div>\n\t\t\t\t\t<\/div>\n\t\t<\/div>\n\t\t\t\t\t\t\t<\/div>\n\t\t<\/section>\n\t\t\t\t\t\t<\/div>\n\t\t\t\t\t<\/div>\n\t\t","protected":false},"excerpt":{"rendered":"<p>&nbsp; &nbsp; Kutluata, T\u00fcrkiye, \u00d6zbekistan ve T\u00fcrkmenistan yer alan sera ve ekipmanlar\u0131 ithal ve ihra\u00e7 eden ayn\u0131 zamanda anahtar teslim seralar ve projelendirme yapan firmad\u0131r. Avrupa da modern sera sistemleri ve ekipmanlar\u0131 temin etmekle birlikte anahtar teslim sera projelerinde geli\u015fmi\u015f teknoloji a\u011f\u0131yla global d\u00fcnya teknolojilerinin yak\u0131ndan takip edip sera ekipmanlar\u0131m\u0131z\u0131 en g\u00fcncel \u015fekilde yeniliyoruz. Modern Topraks\u0131z Seralar, \u00c7i\u00e7ek, Meyve Seralar\u0131, [&hellip;]<\/p>\n","protected":false},"author":1,"featured_media":0,"parent":0,"menu_order":0,"comment_status":"closed","ping_status":"open","template":"elementor_header_footer","meta":[],"_links":{"self":[{"href":"http:\/\/www.kutluata.com.tr\/index.php\/wp-json\/wp\/v2\/pages\/311"}],"collection":[{"href":"http:\/\/www.kutluata.com.tr\/index.php\/wp-json\/wp\/v2\/pages"}],"about":[{"href":"http:\/\/www.kutluata.com.tr\/index.php\/wp-json\/wp\/v2\/types\/page"}],"author":[{"embeddable":true,"href":"http:\/\/www.kutluata.com.tr\/index.php\/wp-json\/wp\/v2\/users\/1"}],"replies":[{"embeddable":true,"href":"http:\/\/www.kutluata.com.tr\/index.php\/wp-json\/wp\/v2\/comments?post=311"}],"version-history":[{"count":6,"href":"http:\/\/www.kutluata.com.tr\/index.php\/wp-json\/wp\/v2\/pages\/311\/revisions"}],"predecessor-version":[{"id":393,"href":"http:\/\/www.kutluata.com.tr\/index.php\/wp-json\/wp\/v2\/pages\/311\/revisions\/393"}],"wp:attachment":[{"href":"http:\/\/www.kutluata.com.tr\/index.php\/wp-json\/wp\/v2\/media?parent=311"}],"curies":[{"name":"wp","href":"https:\/\/api.w.org\/{rel}","templated":true}]}}