{"id":223,"date":"2021-06-12T17:21:27","date_gmt":"2021-06-12T17:21:27","guid":{"rendered":"http:\/\/www.kutluata.com.tr\/?page_id=223"},"modified":"2021-06-13T09:49:47","modified_gmt":"2021-06-13T09:49:47","slug":"hizmet","status":"publish","type":"page","link":"http:\/\/www.kutluata.com.tr\/index.php\/hizmet\/","title":{"rendered":"Hizmetlerimiz"},"content":{"rendered":"\t\t<div data-elementor-type=\"wp-page\" data-elementor-id=\"223\" class=\"elementor elementor-223\" data-elementor-settings=\"[]\">\n\t\t\t\t\t\t\t<div class=\"elementor-section-wrap\">\n\t\t\t\t\t\t\t<section class=\"elementor-section elementor-top-section elementor-element elementor-element-5b5b8e66 elementor-section-boxed elementor-section-height-default elementor-section-height-default\" data-id=\"5b5b8e66\" data-element_type=\"section\">\n\t\t\t\t\t\t<div class=\"elementor-container elementor-column-gap-default\">\n\t\t\t\t\t<div class=\"elementor-column elementor-col-100 elementor-top-column elementor-element elementor-element-211a18d2\" data-id=\"211a18d2\" data-element_type=\"column\">\n\t\t\t<div class=\"elementor-widget-wrap elementor-element-populated\">\n\t\t\t\t\t\t\t\t<div class=\"elementor-element elementor-element-048f60e elementor-widget-divider--view-line elementor-widget elementor-widget-divider\" data-id=\"048f60e\" data-element_type=\"widget\" data-widget_type=\"divider.default\">\n\t\t\t\t<div class=\"elementor-widget-container\">\n\t\t\t\t\t<div class=\"elementor-divider\">\n\t\t\t<span class=\"elementor-divider-separator\">\n\t\t\t\t\t\t<\/span>\n\t\t<\/div>\n\t\t\t\t<\/div>\n\t\t\t\t<\/div>\n\t\t\t\t<div class=\"elementor-element elementor-element-54841e80 elementor-widget elementor-widget-text-editor\" data-id=\"54841e80\" data-element_type=\"widget\" data-widget_type=\"text-editor.default\">\n\t\t\t\t<div class=\"elementor-widget-container\">\n\t\t\t\t\t<div class=\"elementor-text-editor elementor-clearfix\"><p><!-- wp:heading {\"level\":3} --><\/p>\n<h3>H\u0130ZMETLER\u0130M\u0130Z<\/h3>\n<p><!-- \/wp:heading --><!-- wp:paragraph --><\/p>\n<p>Anahtar Teslim Sera \u00c7\u00f6z\u00fcmleri &amp; Ekipmanlar\u0131<\/p>\n<p><!-- \/wp:paragraph --><!-- wp:image {\"align\":\"left\",\"id\":117} --><\/p>\n<div>\u00a0<\/div>\n<p><!-- \/wp:image --><!-- wp:paragraph --><\/p>\n<p>Kutluata Makina , Modern Sera Sistemleri alan\u0131nda uzmanla\u015fm\u0131\u015f, hem teknolojik altyap\u0131s\u0131 hem de alan\u0131nda uzman ekibi ile bir\u00e7ok alanda sera projelerinin \u00e7iziminden, in\u015fas\u0131na, anahtar teslim projeler \u00fcretmektedir. Hem proje geli\u015ftirme s\u00fcrecinde hem de sat\u0131\u015f sonras\u0131 s\u00fcre\u00e7te m\u00fc\u015fterinin t\u00fcm ihtiya\u00e7lar\u0131n\u0131 kar\u015f\u0131layan Kutluata %100 memnun m\u00fc\u015fteri hedefini ama\u00e7lamaktad\u0131r. D\u00fcnyan\u0131n her yerine hizmet veren firmam\u0131z ufak ve orta \u00f6l\u00e7ekli projelerden, \u00e7ok b\u00fcy\u00fck alana yay\u0131lm\u0131\u015f b\u00fcy\u00fck \u00f6l\u00e7ekli projelere bir \u00e7ok farkl\u0131 se\u00e7enekte \u00e7\u00f6z\u00fcmler \u00fcretmektedir.<\/p>\n<p><!-- \/wp:paragraph --><!-- wp:paragraph --><\/p>\n<p>Detayl\u0131 bilgi i\u00e7in destek ekibimizle irtibata ge\u00e7ebilirsiniz.<\/p>\n<p>\u00a0<\/p>\n<p><span style=\"color: var( --e-global-color-text ); font-family: var( --e-global-typography-text-font-family ), Sans-serif; font-weight: var( --e-global-typography-text-font-weight );\">Modern Fidelikler Sebze Seralar\u0131 Mod\u00fcleri Fide Masalar\u0131 Sulama G\u00fcbreleme ve Otomasyon Sistemleri<\/span><\/p>\n<p><!-- \/wp:paragraph --><!-- wp:image --><\/p>\n<figure><img loading=\"lazy\" class=\"\" src=\"http:\/\/www.kutluata.com.tr\/wp-content\/uploads\/2021\/06\/fidelik.jpg\" alt=\"\" width=\"810\" height=\"540\" \/><\/figure>\n<p><!-- \/wp:image --><!-- wp:paragraph --><\/p>\n<p>\u00a0<\/p>\n<p>Sera Ekipmanlar\u0131 \u0130malat\u0131 ve Sera Montaj\u0131 Anahtar Teslim Sera Sistemleri Sera Is\u0131tma Sistemleri Sulama Bomlar\u0131<\/p>\n<p><!-- \/wp:paragraph --><!-- wp:image --><\/p>\n<figure><img loading=\"lazy\" class=\"alignleft wp-image-229\" src=\"http:\/\/www.kutluata.com.tr\/wp-content\/uploads\/2021\/06\/cati-300x200.jpg\" alt=\"\" width=\"470\" height=\"314\" srcset=\"http:\/\/www.kutluata.com.tr\/wp-content\/uploads\/2021\/06\/cati-300x200.jpg 300w, http:\/\/www.kutluata.com.tr\/wp-content\/uploads\/2021\/06\/cati.jpg 600w\" sizes=\"(max-width: 470px) 100vw, 470px\" \/> \u00a0 \u00a0<img loading=\"lazy\" class=\"alignleft wp-image-231\" src=\"http:\/\/www.kutluata.com.tr\/wp-content\/uploads\/2021\/06\/cati3-225x300.jpg\" alt=\"\" width=\"236\" height=\"315\" srcset=\"http:\/\/www.kutluata.com.tr\/wp-content\/uploads\/2021\/06\/cati3-225x300.jpg 225w, http:\/\/www.kutluata.com.tr\/wp-content\/uploads\/2021\/06\/cati3.jpg 767w\" sizes=\"(max-width: 236px) 100vw, 236px\" \/><\/figure>\n<p><!-- \/wp:image --><!-- wp:paragraph --><\/p>\n<p><!-- \/wp:paragraph --><\/p><\/div>\n\t\t\t\t<\/div>\n\t\t\t\t<\/div>\n\t\t\t\t<div class=\"elementor-element elementor-element-12eca27 elementor-widget elementor-widget-spacer\" data-id=\"12eca27\" data-element_type=\"widget\" data-widget_type=\"spacer.default\">\n\t\t\t\t<div class=\"elementor-widget-container\">\n\t\t\t\t\t<div class=\"elementor-spacer\">\n\t\t\t<div class=\"elementor-spacer-inner\"><\/div>\n\t\t<\/div>\n\t\t\t\t<\/div>\n\t\t\t\t<\/div>\n\t\t\t\t\t<\/div>\n\t\t<\/div>\n\t\t\t\t\t\t\t<\/div>\n\t\t<\/section>\n\t\t\t\t<section class=\"elementor-section elementor-top-section elementor-element elementor-element-c8b65b8 elementor-section-boxed elementor-section-height-default elementor-section-height-default\" data-id=\"c8b65b8\" data-element_type=\"section\">\n\t\t\t\t\t\t<div class=\"elementor-container elementor-column-gap-default\">\n\t\t\t\t\t<div class=\"elementor-column elementor-col-100 elementor-top-column elementor-element elementor-element-01fc56c\" data-id=\"01fc56c\" data-element_type=\"column\">\n\t\t\t<div class=\"elementor-widget-wrap elementor-element-populated\">\n\t\t\t\t\t\t\t\t<div class=\"elementor-element elementor-element-fe1f718 elementor-widget-divider--view-line elementor-widget elementor-widget-divider\" data-id=\"fe1f718\" data-element_type=\"widget\" data-widget_type=\"divider.default\">\n\t\t\t\t<div class=\"elementor-widget-container\">\n\t\t\t\t\t<div class=\"elementor-divider\">\n\t\t\t<span class=\"elementor-divider-separator\">\n\t\t\t\t\t\t<\/span>\n\t\t<\/div>\n\t\t\t\t<\/div>\n\t\t\t\t<\/div>\n\t\t\t\t<div class=\"elementor-element elementor-element-29b9d5c elementor-widget elementor-widget-heading\" data-id=\"29b9d5c\" data-element_type=\"widget\" data-widget_type=\"heading.default\">\n\t\t\t\t<div class=\"elementor-widget-container\">\n\t\t\t<h2 class=\"elementor-heading-title elementor-size-default\"><span style=\"color: rgb(122, 122, 122); font-size: 15px; white-space: normal;\">Modern Topraks\u0131z&nbsp; Meyve ve Sebze Seralar\u0131 ve Sera Ekipmanlar\u0131<\/span><br><br><img loading=\"lazy\" class=\"\" src=\"http:\/\/www.kutluata.com.tr\/wp-content\/uploads\/2021\/06\/25.jpg\" alt=\"\" width=\"816\" height=\"612\" style=\"color: rgb(122, 122, 122); font-size: 14px; white-space: normal;\"><\/h2>\t\t<\/div>\n\t\t\t\t<\/div>\n\t\t\t\t\t<\/div>\n\t\t<\/div>\n\t\t\t\t\t\t\t<\/div>\n\t\t<\/section>\n\t\t\t\t\t\t<\/div>\n\t\t\t\t\t<\/div>\n\t\t","protected":false},"excerpt":{"rendered":"<p>H\u0130ZMETLER\u0130M\u0130Z Anahtar Teslim Sera \u00c7\u00f6z\u00fcmleri &amp; Ekipmanlar\u0131 Kutluata Makina , Modern Sera Sistemleri alan\u0131nda uzmanla\u015fm\u0131\u015f, hem teknolojik altyap\u0131s\u0131 hem de alan\u0131nda uzman ekibi ile bir\u00e7ok alanda sera projelerinin \u00e7iziminden, in\u015fas\u0131na, anahtar teslim projeler \u00fcretmektedir. Hem proje geli\u015ftirme s\u00fcrecinde hem de sat\u0131\u015f sonras\u0131 s\u00fcre\u00e7te m\u00fc\u015fterinin t\u00fcm ihtiya\u00e7lar\u0131n\u0131 kar\u015f\u0131layan Kutluata %100 memnun m\u00fc\u015fteri hedefini ama\u00e7lamaktad\u0131r. D\u00fcnyan\u0131n her yerine hizmet veren firmam\u0131z ufak [&hellip;]<\/p>\n","protected":false},"author":1,"featured_media":0,"parent":0,"menu_order":0,"comment_status":"closed","ping_status":"closed","template":"","meta":[],"_links":{"self":[{"href":"http:\/\/www.kutluata.com.tr\/index.php\/wp-json\/wp\/v2\/pages\/223"}],"collection":[{"href":"http:\/\/www.kutluata.com.tr\/index.php\/wp-json\/wp\/v2\/pages"}],"about":[{"href":"http:\/\/www.kutluata.com.tr\/index.php\/wp-json\/wp\/v2\/types\/page"}],"author":[{"embeddable":true,"href":"http:\/\/www.kutluata.com.tr\/index.php\/wp-json\/wp\/v2\/users\/1"}],"replies":[{"embeddable":true,"href":"http:\/\/www.kutluata.com.tr\/index.php\/wp-json\/wp\/v2\/comments?post=223"}],"version-history":[{"count":10,"href":"http:\/\/www.kutluata.com.tr\/index.php\/wp-json\/wp\/v2\/pages\/223\/revisions"}],"predecessor-version":[{"id":261,"href":"http:\/\/www.kutluata.com.tr\/index.php\/wp-json\/wp\/v2\/pages\/223\/revisions\/261"}],"wp:attachment":[{"href":"http:\/\/www.kutluata.com.tr\/index.php\/wp-json\/wp\/v2\/media?parent=223"}],"curies":[{"name":"wp","href":"https:\/\/api.w.org\/{rel}","templated":true}]}}