{"id":116,"date":"2021-06-12T17:36:57","date_gmt":"2021-06-12T17:36:57","guid":{"rendered":"http:\/\/www.kutluata.com.tr\/?page_id=116"},"modified":"2021-06-24T11:48:45","modified_gmt":"2021-06-24T11:48:45","slug":"modern-sera-cozumleri","status":"publish","type":"page","link":"http:\/\/www.kutluata.com.tr\/index.php\/modern-sera-cozumleri\/","title":{"rendered":"\u0130LET\u0130\u015e\u0130M"},"content":{"rendered":"\t\t<div data-elementor-type=\"wp-page\" data-elementor-id=\"116\" class=\"elementor elementor-116\" data-elementor-settings=\"[]\">\n\t\t\t\t\t\t\t<div class=\"elementor-section-wrap\">\n\t\t\t\t\t\t\t<section class=\"elementor-section elementor-top-section elementor-element elementor-element-1871d0c5 elementor-section-boxed elementor-section-height-default elementor-section-height-default\" data-id=\"1871d0c5\" data-element_type=\"section\">\n\t\t\t\t\t\t<div class=\"elementor-container elementor-column-gap-default\">\n\t\t\t\t\t<div class=\"elementor-column elementor-col-100 elementor-top-column elementor-element elementor-element-58cc72ad\" data-id=\"58cc72ad\" data-element_type=\"column\">\n\t\t\t<div class=\"elementor-widget-wrap elementor-element-populated\">\n\t\t\t\t\t\t\t\t<div class=\"elementor-element elementor-element-8be9b64 elementor-widget elementor-widget-text-editor\" data-id=\"8be9b64\" data-element_type=\"widget\" data-widget_type=\"text-editor.default\">\n\t\t\t\t<div class=\"elementor-widget-container\">\n\t\t\t\t\t<div class=\"elementor-text-editor elementor-clearfix\"><p><!-- wp:paragraph --><\/p>\n<p>Bizimle \u0130leti\u015fme Ge\u00e7in&#8230;<\/p>\n<p><!-- \/wp:paragraph --><\/p><\/div>\n\t\t\t\t<\/div>\n\t\t\t\t<\/div>\n\t\t\t\t\t<\/div>\n\t\t<\/div>\n\t\t\t\t\t\t\t<\/div>\n\t\t<\/section>\n\t\t\t\t<section class=\"elementor-section elementor-top-section elementor-element elementor-element-70e257d elementor-section-boxed elementor-section-height-default elementor-section-height-default\" data-id=\"70e257d\" data-element_type=\"section\">\n\t\t\t\t\t\t<div class=\"elementor-container elementor-column-gap-default\">\n\t\t\t\t\t<div class=\"elementor-column elementor-col-100 elementor-top-column elementor-element elementor-element-417d1ad\" data-id=\"417d1ad\" data-element_type=\"column\">\n\t\t\t<div class=\"elementor-widget-wrap elementor-element-populated\">\n\t\t\t\t\t\t\t\t<div class=\"elementor-element elementor-element-948efc1 elementor-widget elementor-widget-text-editor\" data-id=\"948efc1\" data-element_type=\"widget\" data-widget_type=\"text-editor.default\">\n\t\t\t\t<div class=\"elementor-widget-container\">\n\t\t\t\t\t<div class=\"elementor-text-editor elementor-clearfix\"><p>KUTLUATA\u00a0 MAK\u0130NA<\/p>\n<p>\u00a0<\/p>\n<p>Tel\u00a0 \u00a0 \u00a0:\u00a0 00 90 242 421 21 23<\/p>\n<p>Mail\u00a0 :\u00a0 info@kutluata.com.tr<\/p>\n<p>Adres:\u00a0 Antalya Organize Sanayi B\u00f6lgesi, Antalya Blv. No:24, 07190 Aosb 1. K\u0131s\u0131m\/D\u00f6\u015femealt\u0131\/Antalya<\/p><\/div>\n\t\t\t\t<\/div>\n\t\t\t\t<\/div>\n\t\t\t\t\t<\/div>\n\t\t<\/div>\n\t\t\t\t\t\t\t<\/div>\n\t\t<\/section>\n\t\t\t\t<section class=\"elementor-section elementor-top-section elementor-element elementor-element-bbffca9 elementor-section-boxed elementor-section-height-default elementor-section-height-default\" data-id=\"bbffca9\" data-element_type=\"section\">\n\t\t\t\t\t\t<div class=\"elementor-container elementor-column-gap-default\">\n\t\t\t\t\t<div class=\"elementor-column elementor-col-100 elementor-top-column elementor-element elementor-element-01a3345\" data-id=\"01a3345\" data-element_type=\"column\">\n\t\t\t<div class=\"elementor-widget-wrap elementor-element-populated\">\n\t\t\t\t\t\t\t\t<div class=\"elementor-element elementor-element-7fcb518 elementor-widget elementor-widget-google_maps\" data-id=\"7fcb518\" data-element_type=\"widget\" data-widget_type=\"google_maps.default\">\n\t\t\t\t<div class=\"elementor-widget-container\">\n\t\t\t<div class=\"elementor-custom-embed\"><iframe frameborder=\"0\" scrolling=\"no\" marginheight=\"0\" marginwidth=\"0\" src=\"https:\/\/maps.google.com\/maps?q=KUTLUATA&amp;t=m&amp;z=10&amp;output=embed&amp;iwloc=near\" title=\"KUTLUATA\" aria-label=\"KUTLUATA\"><\/iframe><\/div>\t\t<\/div>\n\t\t\t\t<\/div>\n\t\t\t\t\t<\/div>\n\t\t<\/div>\n\t\t\t\t\t\t\t<\/div>\n\t\t<\/section>\n\t\t\t\t\t\t<\/div>\n\t\t\t\t\t<\/div>\n\t\t","protected":false},"excerpt":{"rendered":"<p>Bizimle \u0130leti\u015fme Ge\u00e7in&#8230; KUTLUATA\u00a0 MAK\u0130NA \u00a0 Tel\u00a0 \u00a0 \u00a0:\u00a0 00 90 242 421 21 23 Mail\u00a0 :\u00a0 info@kutluata.com.tr Adres:\u00a0 Antalya Organize Sanayi B\u00f6lgesi, Antalya Blv. No:24, 07190 Aosb 1. K\u0131s\u0131m\/D\u00f6\u015femealt\u0131\/Antalya<\/p>\n","protected":false},"author":1,"featured_media":0,"parent":0,"menu_order":0,"comment_status":"closed","ping_status":"closed","template":"","meta":[],"_links":{"self":[{"href":"http:\/\/www.kutluata.com.tr\/index.php\/wp-json\/wp\/v2\/pages\/116"}],"collection":[{"href":"http:\/\/www.kutluata.com.tr\/index.php\/wp-json\/wp\/v2\/pages"}],"about":[{"href":"http:\/\/www.kutluata.com.tr\/index.php\/wp-json\/wp\/v2\/types\/page"}],"author":[{"embeddable":true,"href":"http:\/\/www.kutluata.com.tr\/index.php\/wp-json\/wp\/v2\/users\/1"}],"replies":[{"embeddable":true,"href":"http:\/\/www.kutluata.com.tr\/index.php\/wp-json\/wp\/v2\/comments?post=116"}],"version-history":[{"count":17,"href":"http:\/\/www.kutluata.com.tr\/index.php\/wp-json\/wp\/v2\/pages\/116\/revisions"}],"predecessor-version":[{"id":396,"href":"http:\/\/www.kutluata.com.tr\/index.php\/wp-json\/wp\/v2\/pages\/116\/revisions\/396"}],"wp:attachment":[{"href":"http:\/\/www.kutluata.com.tr\/index.php\/wp-json\/wp\/v2\/media?parent=116"}],"curies":[{"name":"wp","href":"https:\/\/api.w.org\/{rel}","templated":true}]}}